{"id":2,"date":"2014-06-13T17:16:33","date_gmt":"2014-06-13T17:16:33","guid":{"rendered":"http:\/\/bdnarovinach.cz\/?page_id=2"},"modified":"2026-04-28T09:18:49","modified_gmt":"2026-04-28T08:18:49","slug":"zkusebni-stranka","status":"publish","type":"page","link":"https:\/\/bdnarovinach.cz\/","title":{"rendered":"Kontakt"},"content":{"rendered":"<hr \/><hr \/><hr \/>\n<h1><strong>Bytov\u00e9 dru\u017estvo Na Rovin\u00e1ch<img loading=\"lazy\" class=\"alignright wp-image-31 size-medium\" title=\"bytov\u00fd d\u016fm Na Rovin\u00e1ch \" src=\"http:\/\/bdnarovinach.cz\/wp-content\/uploads\/2014\/06\/IMAG0164-300x179.jpg\" alt=\"Na Rovin\u00e1ch\" width=\"300\" height=\"179\" srcset=\"https:\/\/bdnarovinach.cz\/wp-content\/uploads\/2014\/06\/IMAG0164-300x179.jpg 300w, https:\/\/bdnarovinach.cz\/wp-content\/uploads\/2014\/06\/IMAG0164-1024x613.jpg 1024w, https:\/\/bdnarovinach.cz\/wp-content\/uploads\/2014\/06\/IMAG0164-624x373.jpg 624w, https:\/\/bdnarovinach.cz\/wp-content\/uploads\/2014\/06\/IMAG0164.jpg 1037w\" sizes=\"(max-width: 300px) 100vw, 300px\" \/><\/strong><\/h1>\n<address>Na Rovin\u00e1ch 573 a 574<\/address><address>Praha 4 &#8211; Lhotka,\u00a0PS\u010c 14200<\/address>\n<p>I\u010cO\u00a025600966<\/p>\n<p>veden\u00e9m M\u011bstsk\u00fdm soudem v\u00a0Praze &#8211; odd\u00edl Dr., vlo\u017eka 3525<\/p>\n<p>email: bdnarovinach@gmail.com<\/p>\n<hr \/>\n<h2><span style=\"text-decoration: underline;\">p\u0159edstavenstvo dru\u017estva<\/span><\/h2>\n<p>Ale\u0161 Soukup &#8211; p\u0159edseda dru\u017estva<\/p>\n<p>Marie Ad\u00e1mkov\u00e1\u00a0 &#8211; m\u00edstop\u0159edseda a pokladn\u00edk<\/p>\n<p>Petra Chocholat\u00e1<\/p>\n<p>Edita Newson<\/p>\n<p>Romana Havl\u00ed\u010dkov\u00e1<\/p>\n<h2>\u00a0<\/h2>\n<h2>revizn\u00ed komise\u00a0dru\u017estva<\/h2>\n<p>Ji\u0159ina Vodr\u00e1\u017ekov\u00e1 &#8211; p\u0159edsedkyn\u011b komise<\/p>\n<p>Zde\u0148ka Vejtrubov\u00e1<\/p>\n\n\n<p><\/p>\n\n\n\n<p><\/p>\n\n\n\n<p><\/p>\n\n\n\n<hr class=\"wp-block-separator has-alpha-channel-opacity is-style-wide\"\/>\n\n\n\n<p class=\"has-text-align-center has-medium-font-size\" style=\"font-style:normal;font-weight:700\">POZV\u00c1NKA<\/p>\n\n\n\n<p class=\"has-text-align-center has-medium-font-size\" style=\"font-style:normal;font-weight:700\">na \u010dlenskou sch\u016fzi<\/p>\n\n\n\n<p class=\"has-text-align-center\"><strong>Bytov\u00e9ho dru\u017estva Na Rovin\u00e1ch<\/strong><\/p>\n\n\n\n<p>se s\u00eddlem <strong>Na rovin\u00e1ch \u010d. 573\/3<\/strong>, I\u010c 25600966, zapsan\u00e9ho v&nbsp;obchodn\u00edm rejst\u0159\u00edku veden\u00e9m M\u011bstsk\u00fdm soudem v&nbsp;Praze, odd\u00edl Dr, vlo\u017eka 3525<\/p>\n\n\n\n<p>P\u0159edstavenstvo Bytov\u00e9ho dru\u017estva Na rovin\u00e1ch<\/p>\n\n\n\n<p>se s\u00eddlem Praha 4 &#8211; Lhotka, Na rovin\u00e1ch \u010d. 573\/3, I\u010c &nbsp;25600966 (d\u00e1le \u201eDru\u017estvo\u201c), t\u00edmto oznamuje, \u017ee dne <strong>12.5.2026 od 19:00 do 20:00 prob\u011bhne <\/strong><strong>jedn\u00e1n\u00ed \u010dlensk\u00e9 sch\u016fze Dru\u017estva.<\/strong><\/p>\n\n\n\n<p><strong>Sch\u016fze se uskute\u010dn\u00ed v prostor\u00e1ch Kulturn\u00edho centra Novodvorsk\u00e1, &nbsp;Novodvorsk\u00e1 151, u\u010debna \u010d. 109.<\/strong><\/p>\n\n\n\n<p><strong><u>program jedn\u00e1n\u00ed:<\/u><\/strong><\/p>\n\n\n\n<ol type=\"1\"><li>Zah\u00e1jen\u00ed a kontrola usn\u00e1\u0161en\u00edschopnosti \u010dlensk\u00e9 sch\u016fze<\/li><li>Zpr\u00e1va o hospoda\u0159en\u00ed dru\u017estva<\/li><li>Zpr\u00e1va revizn\u00ed komise o kontrole<\/li><li>\u00dadr\u017eba a opravy<\/li><li>R\u016fzn\u00e9<\/li><li>Diskuze a z\u00e1v\u011br<\/li><\/ol>\n\n\n\n<p><strong><u>S\u00a0ohledem na pot\u0159ebu \u0159e\u0161it kl\u00ed\u010dov\u00e9 z\u00e1le\u017eitosti pro chod dru\u017estva je \u017e\u00e1douc\u00ed \u00fa\u010dast v\u0161ech \u010dlen\u016f dru\u017estva !!!<\/u><\/strong><\/p>\n\n\n\n<p>Pozv\u00e1nka je zve\u0159ejn\u011bna v&nbsp;souladu se z\u00e1konem o obchodn\u00edch korporac\u00edch na webov\u00fdch str\u00e1nk\u00e1ch Dru\u017estva <a href=\"http:\/\/www.bdnarovinach.cz\">www.bdnarovinach.cz<\/a><\/p>\n\n\n\n<p>V\u00a0Praze dne 28.4.2026<\/p>\n\n\n\n<p class=\"has-text-align-center\">za<strong> Bytov\u00e9 dru\u017estvo Na Rovin\u00e1ch<\/strong>&nbsp;&nbsp;&nbsp;&nbsp;&nbsp;&nbsp;&nbsp;&nbsp;&nbsp;<\/p>\n\n\n\n<p class=\"has-text-align-right\">RNDr. Ale\u0161 Soukup, PhD<\/p>\n","protected":false},"excerpt":{"rendered":"<p>Bytov\u00e9 dru\u017estvo Na Rovin\u00e1ch Na Rovin\u00e1ch 573 a 574 Praha 4 &#8211; Lhotka,\u00a0PS\u010c 14200 I\u010cO\u00a025600966 veden\u00e9m M\u011bstsk\u00fdm soudem v\u00a0Praze &#8211; odd\u00edl Dr., vlo\u017eka 3525 email: bdnarovinach@gmail.com p\u0159edstavenstvo dru\u017estva Ale\u0161 Soukup &#8211; p\u0159edseda dru\u017estva Marie Ad\u00e1mkov\u00e1\u00a0 &#8211; m\u00edstop\u0159edseda a pokladn\u00edk Petra Chocholat\u00e1 Edita Newson Romana Havl\u00ed\u010dkov\u00e1 \u00a0 revizn\u00ed komise\u00a0dru\u017estva Ji\u0159ina Vodr\u00e1\u017ekov\u00e1 &#8211; p\u0159edsedkyn\u011b komise Zde\u0148ka Vejtrubov\u00e1 [&hellip;]<\/p>\n","protected":false},"author":2,"featured_media":0,"parent":0,"menu_order":0,"comment_status":"closed","ping_status":"open","template":"page-templates\/front-page.php","meta":[],"_links":{"self":[{"href":"https:\/\/bdnarovinach.cz\/index.php?rest_route=\/wp\/v2\/pages\/2"}],"collection":[{"href":"https:\/\/bdnarovinach.cz\/index.php?rest_route=\/wp\/v2\/pages"}],"about":[{"href":"https:\/\/bdnarovinach.cz\/index.php?rest_route=\/wp\/v2\/types\/page"}],"author":[{"embeddable":true,"href":"https:\/\/bdnarovinach.cz\/index.php?rest_route=\/wp\/v2\/users\/2"}],"replies":[{"embeddable":true,"href":"https:\/\/bdnarovinach.cz\/index.php?rest_route=%2Fwp%2Fv2%2Fcomments&post=2"}],"version-history":[{"count":24,"href":"https:\/\/bdnarovinach.cz\/index.php?rest_route=\/wp\/v2\/pages\/2\/revisions"}],"predecessor-version":[{"id":273,"href":"https:\/\/bdnarovinach.cz\/index.php?rest_route=\/wp\/v2\/pages\/2\/revisions\/273"}],"wp:attachment":[{"href":"https:\/\/bdnarovinach.cz\/index.php?rest_route=%2Fwp%2Fv2%2Fmedia&parent=2"}],"curies":[{"name":"wp","href":"https:\/\/api.w.org\/{rel}","templated":true}]}}